{"id":170,"date":"2025-03-06T14:51:48","date_gmt":"2025-03-06T13:51:48","guid":{"rendered":"https:\/\/vinopaul.nl\/?page_id=170"},"modified":"2025-03-22T16:34:28","modified_gmt":"2025-03-22T15:34:28","slug":"curriculum-vitae-paul-schmit","status":"publish","type":"page","link":"https:\/\/vinopaul.nl\/?page_id=170","title":{"rendered":"CV Paul Schmit"},"content":{"rendered":"\n<h4 class=\"wp-block-heading is-style-default\" style=\"border-style:none;border-width:0px;border-radius:0px;margin-top:0;margin-right:0;margin-bottom:0;margin-left:0;padding-top:0;padding-right:0;padding-bottom:0;padding-left:0\"><em>Den Haag 1950<\/em><\/h4>\n\n\n\n<div class=\"wp-block-media-text is-stacked-on-mobile\" style=\"grid-template-columns:41% auto\"><figure class=\"wp-block-media-text__media\"><img loading=\"lazy\" decoding=\"async\" width=\"483\" height=\"644\" src=\"http:\/\/vinopaul.nl\/wp-content\/uploads\/2025\/03\/thumbnail.jpg\" alt=\"\" class=\"wp-image-212 size-full\" srcset=\"https:\/\/vinopaul.nl\/wp-content\/uploads\/2025\/03\/thumbnail.jpg 483w, https:\/\/vinopaul.nl\/wp-content\/uploads\/2025\/03\/thumbnail-225x300.jpg 225w\" sizes=\"auto, (max-width: 483px) 100vw, 483px\" \/><\/figure><div class=\"wp-block-media-text__content\">\n<p>Commandeur dans L&#8217;Association Internationale des Maitres- Conseils en Gastronomie Fran\u00e7aise<\/p>\n\n\n\n<p>Wijnmeester van de Stichting Vakopleiding Horeca<\/p>\n\n\n\n<p>Chevalier Sabreur dans la Confr\u00e9rie du Sabre d&#8217;Or a Reims<\/p>\n\n\n\n<p><\/p>\n<\/div><\/div>\n\n\n\n<p class=\"has-text-align-center has-accent-2-background-color has-background has-x-large-font-size\" style=\"border-width:5px;border-radius:100px;margin-top:var(--wp--preset--spacing--20);margin-right:0;margin-bottom:var(--wp--preset--spacing--20);margin-left:0;padding-top:0;padding-right:0;padding-bottom:0;padding-left:0\">Behaalde prijzen:<\/p>\n\n\n\n<p class=\"has-contrast-color has-text-color has-link-color wp-elements-626f3d5e700ff74617f7cc370ef271ae\">1992 &#8211; Beste Sommelier van Nederland<\/p>\n\n\n\n<p>1992 &#8211; Prix Europ\u00e9enne de L&#8217;Armagnac en Pays Bas, quatri\u00e8me prix<\/p>\n\n\n\n<p>1993 &#8211; Meilleur Sommelier du Monde, Paris, septi\u00e8me place<\/p>\n\n\n\n<p>1995 &#8211; Kennis van Port wijnen, tweede plaats in Nederland<\/p>\n\n\n\n<p>2005 &#8211; Kennis van Champagne, derde plaats in Nederland  <\/p>\n\n\n\n<p>2005 &#8211; Registervinoloog<\/p>\n\n\n\n<p><\/p>\n\n\n\n<p><\/p>\n\n\n\n<div class=\"wp-block-media-text is-stacked-on-mobile\"><figure class=\"wp-block-media-text__media\"><img loading=\"lazy\" decoding=\"async\" width=\"255\" height=\"356\" src=\"http:\/\/vinopaul.nl\/wp-content\/uploads\/2025\/03\/Insigne_Sommelier.png\" alt=\"\" class=\"wp-image-173 size-full\" srcset=\"https:\/\/vinopaul.nl\/wp-content\/uploads\/2025\/03\/Insigne_Sommelier.png 255w, https:\/\/vinopaul.nl\/wp-content\/uploads\/2025\/03\/Insigne_Sommelier-215x300.png 215w\" sizes=\"auto, (max-width: 255px) 100vw, 255px\" \/><\/figure><div class=\"wp-block-media-text__content\">\n<p><\/p>\n<\/div><\/div>\n\n\n\n<p><\/p>\n","protected":false},"excerpt":{"rendered":"<p>Den Haag 1950 Commandeur dans L&#8217;Association Internationale des Maitres- Conseils en Gastronomie Fran\u00e7aise Wijnmeester van de Stichting Vakopleiding Horeca Chevalier Sabreur dans la Confr\u00e9rie du Sabre d&#8217;Or a Reims Behaalde prijzen: 1992 &#8211; Beste Sommelier van Nederland 1992 &#8211; Prix Europ\u00e9enne de L&#8217;Armagnac en Pays Bas, quatri\u00e8me prix 1993 &#8211; Meilleur Sommelier du Monde, Paris, [&hellip;]<\/p>\n","protected":false},"author":1,"featured_media":0,"parent":0,"menu_order":5,"comment_status":"closed","ping_status":"closed","template":"","meta":{"footnotes":""},"class_list":["post-170","page","type-page","status-publish","hentry"],"_links":{"self":[{"href":"https:\/\/vinopaul.nl\/index.php?rest_route=\/wp\/v2\/pages\/170","targetHints":{"allow":["GET"]}}],"collection":[{"href":"https:\/\/vinopaul.nl\/index.php?rest_route=\/wp\/v2\/pages"}],"about":[{"href":"https:\/\/vinopaul.nl\/index.php?rest_route=\/wp\/v2\/types\/page"}],"author":[{"embeddable":true,"href":"https:\/\/vinopaul.nl\/index.php?rest_route=\/wp\/v2\/users\/1"}],"replies":[{"embeddable":true,"href":"https:\/\/vinopaul.nl\/index.php?rest_route=%2Fwp%2Fv2%2Fcomments&post=170"}],"version-history":[{"count":15,"href":"https:\/\/vinopaul.nl\/index.php?rest_route=\/wp\/v2\/pages\/170\/revisions"}],"predecessor-version":[{"id":352,"href":"https:\/\/vinopaul.nl\/index.php?rest_route=\/wp\/v2\/pages\/170\/revisions\/352"}],"wp:attachment":[{"href":"https:\/\/vinopaul.nl\/index.php?rest_route=%2Fwp%2Fv2%2Fmedia&parent=170"}],"curies":[{"name":"wp","href":"https:\/\/api.w.org\/{rel}","templated":true}]}}