{"id":371,"date":"2025-03-22T21:03:30","date_gmt":"2025-03-22T20:03:30","guid":{"rendered":"https:\/\/vinopaul.nl\/?page_id=371"},"modified":"2025-03-22T21:07:52","modified_gmt":"2025-03-22T20:07:52","slug":"uitgebreide-toelichting-van-paul","status":"publish","type":"page","link":"https:\/\/vinopaul.nl\/?page_id=371","title":{"rendered":"Kenmerken van druiven"},"content":{"rendered":"\n<div class=\"wp-block-group alignfull is-style-section-5 is-layout-flow wp-block-group-is-layout-flow is-style-section-5--1\" style=\"min-height:100vh;margin-top:0;margin-bottom:0;padding-top:var(--wp--preset--spacing--50);padding-right:var(--wp--preset--spacing--50);padding-bottom:var(--wp--preset--spacing--50);padding-left:var(--wp--preset--spacing--50)\">\n<div class=\"wp-block-columns alignfull is-layout-flex wp-container-core-columns-is-layout-47c06fe3 wp-block-columns-is-layout-flex\">\n<div class=\"wp-block-column is-layout-flow wp-block-column-is-layout-flow\">\n<div class=\"wp-block-group is-vertical is-content-justification-stretch is-nowrap is-layout-flex wp-container-core-group-is-layout-9a2e2d63 wp-block-group-is-layout-flex\" style=\"min-height:100%\">\n<p class=\"has-text-align-left has-x-large-font-size\" style=\"line-height:1.2\"><strong><em>Witte druiven<\/em><\/strong><\/p>\n\n\n\n<p class=\"has-medium-font-size\" style=\"line-height:1.2\"><strong><em>Bourboulenc&nbsp;&nbsp;&nbsp;&nbsp;&nbsp;&nbsp;&nbsp;<\/em><\/strong><\/p>\n\n\n\n<p class=\"has-medium-font-size\" style=\"line-height:1.2\"><em>Een krachtige en bijzondere druif die extra aandacht moet hebben. Als de pluk te vroeg is, is de wijn wat scherp. Hij verdient een late, rijpe oogst \u2026. met alle risico\u2019s van dien.&nbsp; Krachtige wijn en grote opbrengst. Vaak lokaal als toegift bij de Rolle.&nbsp; (De Mourv\u00e8dre is ook zo\u2019n laatbloeier)<\/em><\/p>\n\n\n\n<p class=\"has-medium-font-size\" style=\"line-height:1.2\"><strong><em>Chardonnay&nbsp;&nbsp;&nbsp;&nbsp;&nbsp;&nbsp;&nbsp;&nbsp;&nbsp;<\/em><\/strong><\/p>\n\n\n\n<p class=\"has-medium-font-size\" style=\"line-height:1.2\"><em>In principe is het eigenlijk wat te warm voor de Chardonnay hier in de Provence. Maar de uitzondering ligt letterlijk om de hoek. Als de wijngaard in de luwte van de warme zon ligt, dan wil het zeker lukken om een zachte, ietwat vettige wijn te produceren.<\/em><\/p>\n\n\n\n<p class=\"has-medium-font-size\" style=\"line-height:1.2\"><strong><em>Clairette&nbsp;&nbsp;&nbsp;&nbsp;&nbsp;&nbsp;&nbsp;&nbsp;&nbsp;&nbsp;&nbsp;&nbsp;&nbsp;&nbsp;&nbsp;&nbsp;<\/em><\/strong><\/p>\n\n\n\n<p class=\"has-medium-font-size\" style=\"line-height:1.2\"><em>Veel gebruikt om de wijn een frissere tint te geven. Een Clairette geeft een aangenaam geurtje en biedt in samenwerking met de Rolle hier en daar een fantastisch glas witte wijn. Staan de ranken in stevige gesteente, dan kun je dat zeker proeven. De Clairette is heel apart en indrukwekkend.&nbsp;<\/em><\/p>\n\n\n\n<p class=\"has-medium-font-size\" style=\"line-height:1.2\"><strong><em>Rolle&nbsp;&nbsp;&nbsp;&nbsp;&nbsp;&nbsp;&nbsp;&nbsp;&nbsp;&nbsp;&nbsp;&nbsp;&nbsp;&nbsp;&nbsp;&nbsp;&nbsp;&nbsp;&nbsp;&nbsp;&nbsp;&nbsp;&nbsp;&nbsp;<\/em><\/strong><\/p>\n\n\n\n<p class=\"has-medium-font-size\" style=\"line-height:1.2\"><em>De meest belangrijke druif voor veel frisse wijnen. Voorheen werd de Rolle ook genoemd als Vermentino. Uit Itali\u00eb kwam er een bericht dat de naam Vermentino hier niet mag worden gebruikt. De Rolle geeft veel frisheid zeker ook in de zomer. De Ugni Blanc, S\u00e9millon en Clairette&nbsp; zijn de smaakmakers die de boel compleet maken. De Ugni Blanc en S\u00e9millon geven een eigen klein zoetje en de Clairette zorgt voor extra frisheid.&nbsp;&nbsp;<\/em><\/p>\n\n\n\n<p class=\"has-medium-font-size\" style=\"line-height:1.2\"><strong><em>Sauvignon blanc<\/em><\/strong><\/p>\n\n\n\n<p class=\"has-medium-font-size\" style=\"line-height:1.2\"><em>Op vele wijngaarden in Frankrijk kom je deze druif tegen. Wereldberoemd met wijnen zoals Sancerre en Pouilly Fum\u00e9. Hier in de Provence doet ie het goed op locaties met de frisse wind van de zee in de buurt. Je ziet hem vaak terugkomen in kleine hoeveelheden als verfrisser bij de Rolle. In Croix Valmer wordt er een perfecte witte wijn geproduceerd van Rolle met Sauvignon Blanc. Daar staan de ranken bijna in de M\u00e9diterran\u00e9e en de wind van zee zorgt voor de rest.<\/em><\/p>\n\n\n\n<p class=\"has-medium-font-size\" style=\"line-height:1.2\"><strong><em>S\u00e9millon&nbsp;&nbsp;&nbsp;&nbsp;&nbsp;&nbsp;&nbsp;&nbsp;&nbsp;&nbsp;&nbsp;&nbsp;&nbsp;&nbsp;&nbsp;&nbsp;<\/em><\/strong><\/p>\n\n\n\n<p class=\"has-medium-font-size\" style=\"line-height:1.2\"><em>Wie kent hem niet? Het is de druif die in de Sauternes zorgt voor fabuleuze zoete dessertwijnen. In de Provence pakken ze het zoetje op, wat de Rolle een bloemig geurtje geeft. Heerlijk verfrissend op een zomers terras.&nbsp;<\/em><\/p>\n\n\n\n<p class=\"has-medium-font-size\" style=\"line-height:1.2\"><strong><em>Ugni Blanc&nbsp;&nbsp;&nbsp;&nbsp;&nbsp;&nbsp;&nbsp;&nbsp;&nbsp;&nbsp;&nbsp;&nbsp;<\/em><\/strong><\/p>\n\n\n\n<p class=\"has-medium-font-size\" style=\"line-height:1.2\"><em>Echt een hele eigenwijze druif. Je ziet hem hier niet veel, maar als het lukt om daar iets moois van te maken, dan heb je iets heel bijzonders. Hint: Ga eens kijken bij \u201cApi\u00e9s\u201d in Vidauban?&nbsp;<\/em><\/p>\n\n\n\n<p class=\"has-medium-font-size\" style=\"line-height:1.2\"><strong><em>Viognier&nbsp;&nbsp;&nbsp;&nbsp;<\/em><\/strong><\/p>\n\n\n\n<p class=\"has-medium-font-size\" style=\"line-height:1.2\"><em>E\u00e9n van de mooiste karaktervolle druiven die in de regio van C\u00f4tes du Rh\u00f4ne ontzettend hoog scoort. Mocht je hem hier en daar tegenkomen, dan heeft ie het naar zijn zin. En dat kun je zeker proeven. Het aangename zoetje doet je denken aan honing. Hou je niet van honing, dan is Viognier niet \u201cjouw druif\u201d.<\/em><\/p>\n\n\n\n<p class=\"has-text-color has-link-color has-x-large-font-size wp-elements-682278f3c11f484343dd7bd817d4ff5a\" style=\"color:#ff0000;line-height:1.2\"><strong><em>Rode druiven<\/em><\/strong><\/p>\n\n\n\n<p class=\"has-medium-font-size\" style=\"line-height:1.2\"><strong><em>Cabernet Sauvignon<\/em><\/strong><\/p>\n\n\n\n<p class=\"has-medium-font-size\" style=\"line-height:1.2\"><em>Deze beroemde Bordeaux-druif wordt niet veel gebruikt in de Provence en bestaat uit kleine bessen met schil en knapperig vruchtvlees. Het geeft de wijn een tannine structuur, krachtig en zoet tegelijk, wat de veroudering vergemakkelijkt. Zijn karakteristieke neus van groene peper, zwarte bes en tabak onderscheidt hem van andere druivensoorten. Cabernet Sauvignon, geassocieerd met Syrah, kan geweldige wijnen produceren om te verouderen.<\/em><\/p>\n\n\n\n<p class=\"has-medium-font-size\" style=\"line-height:1.2\"><strong><em>Carignan<\/em><\/strong><\/p>\n\n\n\n<p class=\"has-medium-font-size\" style=\"line-height:1.2\"><em>Aangepast aan arme bodems, goed ingeburgerd in het zuiden van Frankrijk, heeft deze druivensoort, die in het verleden veel in de Provence werd gebruikt, de neiging discreter te zijn. Het moet worden gekweekt op hellingen met lage opbrengsten om het beste uit te drukken. Het levert dan gestructureerde, genereuze en kleurrijke wijnen op die een uitstekende basis vormen voor assemblage. Alleen gevinifieerd, levert het aroma&#8217;s van kersen, frambozen, pruimen. De Carignan heeft een paar jaar nodig om \u200b\u200bte ontwikkelen.<\/em><\/p>\n\n\n\n<p class=\"has-medium-font-size\" style=\"line-height:1.2\"><strong><em>Cinsault<\/em><\/strong><\/p>\n\n\n\n<p class=\"has-medium-font-size\" style=\"line-height:1.2\"><em>Smaakvol en mooi van uiterlijk, deze vari\u00ebteit van Proven\u00e7aalse oorsprong wordt al lang als tafeldruif gebruikt. Het wordt veel gebruikt in de Provence voor de productie van ros\u00e9 wijnen. Het geeft frisheid, finesse en fruitigheid aan de wijn, waardoor de kracht van andere druivensoorten wordt genuanceerd.<\/em><\/p>\n\n\n\n<p class=\"has-medium-font-size\" style=\"line-height:1.2\"><strong><em>Grenache<\/em><\/strong><\/p>\n\n\n\n<p class=\"has-medium-font-size\" style=\"line-height:1.2\"><em>Deze druif komt oorspronkelijk uit Spanje, Garnacha. Zeer productief, bestand tegen harde wind en droogte. Grenache geeft de wijnen vet, volheid en kracht. Het geeft jonge wijnen elegante aroma&#8217;s van klein rood fruit, maar meer kruidige en dierlijke tonen in rijpe wijnen.<\/em><\/p>\n\n\n\n<p class=\"has-medium-font-size\" style=\"line-height:1.2\"><strong><em>Mourv\u00e8dre<\/em><\/strong><\/p>\n\n\n\n<p class=\"has-medium-font-size\" style=\"line-height:1.2\"><em>Deze druif bestaat al heel lang in de Provence. De kleine, dichte korrels geven de voorkeur aan hete, kalkachtige bodems. Hij rijpt langzaam, ziet graag de zee om goed te rijpen. Mourv\u00e8dre geeft<strong> g<\/strong>estructureerde wijnen met fijne en gevestigde tannines. In zijn jeugd heeft de wijn gemaakt van deze druif, aroma&#8217;s van violet en braam. Het fluweelzachte en soepele karakter, vergezeld van karakteristieke tonen van kruiden, peper en kaneel, wordt onthuld na jarenlange veroudering in de kelder. Mourv\u00e8dre wordt vaak geassocieerd met Grenache en Syrah.<\/em><\/p>\n\n\n\n<p class=\"has-medium-font-size\" style=\"line-height:1.2\"><strong><em>Syrah<\/em><\/strong><\/p>\n\n\n\n<p class=\"has-medium-font-size\" style=\"line-height:1.2\"><em>Het is een druif die bestaat uit kleine zwarte bessen met blauwachtige reflecties en met een dunne maar redelijk resistente schil. Hij geeft stevige en kleurrijke wijnen, hard de eerste jaren omdat ze rijk zijn aan tannines, maar vooral geschikt voor langdurige veroudering. Door de jaren heen brengt de evolutie karakteristieke tonen van vanille, Havana en gekonfijt rood fruit aan de wijn.<\/em><\/p>\n\n\n\n<p class=\"has-medium-font-size\" style=\"line-height:1.2\"><strong><em>Tibouren of Rossese di Dolceaqua<\/em><\/strong><\/p>\n\n\n\n<p class=\"has-text-align-left has-medium-font-size\" style=\"line-height:1.2\"><em>Een Franse rode druif die wordt verbouwd in de Provence en in Liguria(Itali\u00eb), maar afkomstig is uit Griekenland en wellicht nog verder uit het Midden-Oosten. De Tibouren, aromatisch met een gronderig accent, \u2018garrigue,\u2019 is heel gevoelig voor coulure en zeer wisselend in de productie per jaar. Binnen de lokale wijnwet mag hij maximaal 55 hl per ha opbrengen.\u00a0 Het is de bevoorrechte partner van andere Proven\u00e7aalse druivensoorten zoals Grenache, Syrah, Cinsault, Mourv\u00e8dre, Carignan en Cabernet Sauvignon. Hierdoor ontstaan delicate en elegante wijnen. De Tibouren is ideaal voor ros\u00e9 en biedt finesse aan het gehemelte en rijkdom aan het boeket.<\/em> <\/p>\n\n\n\n<div class=\"wp-block-group is-nowrap is-layout-flex wp-container-core-group-is-layout-f1189ed3 wp-block-group-is-layout-flex\">\n<p><\/p>\n<\/div>\n<\/div>\n<\/div>\n<\/div>\n<\/div>\n\n\n\n<p><\/p>\n","protected":false},"excerpt":{"rendered":"<p>Witte druiven Bourboulenc&nbsp;&nbsp;&nbsp;&nbsp;&nbsp;&nbsp;&nbsp; Een krachtige en bijzondere druif die extra aandacht moet hebben. Als de pluk te vroeg is, is de wijn wat scherp. Hij verdient een late, rijpe oogst \u2026. met alle risico\u2019s van dien.&nbsp; Krachtige wijn en grote opbrengst. Vaak lokaal als toegift bij de Rolle.&nbsp; (De Mourv\u00e8dre is ook zo\u2019n laatbloeier) Chardonnay&nbsp;&nbsp;&nbsp;&nbsp;&nbsp;&nbsp;&nbsp;&nbsp;&nbsp; [&hellip;]<\/p>\n","protected":false},"author":1,"featured_media":0,"parent":0,"menu_order":5,"comment_status":"closed","ping_status":"closed","template":"","meta":{"footnotes":""},"class_list":["post-371","page","type-page","status-publish","hentry"],"_links":{"self":[{"href":"https:\/\/vinopaul.nl\/index.php?rest_route=\/wp\/v2\/pages\/371","targetHints":{"allow":["GET"]}}],"collection":[{"href":"https:\/\/vinopaul.nl\/index.php?rest_route=\/wp\/v2\/pages"}],"about":[{"href":"https:\/\/vinopaul.nl\/index.php?rest_route=\/wp\/v2\/types\/page"}],"author":[{"embeddable":true,"href":"https:\/\/vinopaul.nl\/index.php?rest_route=\/wp\/v2\/users\/1"}],"replies":[{"embeddable":true,"href":"https:\/\/vinopaul.nl\/index.php?rest_route=%2Fwp%2Fv2%2Fcomments&post=371"}],"version-history":[{"count":2,"href":"https:\/\/vinopaul.nl\/index.php?rest_route=\/wp\/v2\/pages\/371\/revisions"}],"predecessor-version":[{"id":374,"href":"https:\/\/vinopaul.nl\/index.php?rest_route=\/wp\/v2\/pages\/371\/revisions\/374"}],"wp:attachment":[{"href":"https:\/\/vinopaul.nl\/index.php?rest_route=%2Fwp%2Fv2%2Fmedia&parent=371"}],"curies":[{"name":"wp","href":"https:\/\/api.w.org\/{rel}","templated":true}]}}